{"id":3063,"date":"2023-09-05T18:28:47","date_gmt":"2023-09-05T16:28:47","guid":{"rendered":"https:\/\/horse4healing.ch\/?page_id=3063"},"modified":"2024-07-01T23:45:59","modified_gmt":"2024-07-01T21:45:59","slug":"links","status":"publish","type":"page","link":"https:\/\/horse4healing.ch\/en\/links\/","title":{"rendered":"Links"},"content":{"rendered":"<div data-elementor-type=\"wp-page\" data-elementor-id=\"3063\" class=\"elementor elementor-3063\" data-elementor-post-type=\"page\">\n\t\t\t\t\t\t<section class=\"elementor-section elementor-top-section elementor-element elementor-element-390c3e4 elementor-section-full_width elementor-section-height-default elementor-section-height-default\" data-id=\"390c3e4\" data-element_type=\"section\" data-settings=\"{&quot;background_background&quot;:&quot;gradient&quot;}\">\n\t\t\t\t\t\t<div class=\"elementor-container elementor-column-gap-default\">\n\t\t\t\t\t<div class=\"elementor-column elementor-col-100 elementor-top-column elementor-element elementor-element-cdb9e4b\" data-id=\"cdb9e4b\" data-element_type=\"column\" data-settings=\"{&quot;background_background&quot;:&quot;gradient&quot;}\">\n\t\t\t<div class=\"elementor-widget-wrap elementor-element-populated\">\n\t\t\t\t\t\t<section class=\"elementor-section elementor-inner-section elementor-element elementor-element-679e4f2 elementor-section-boxed elementor-section-height-default elementor-section-height-default\" data-id=\"679e4f2\" data-element_type=\"section\">\n\t\t\t\t\t\t<div class=\"elementor-container elementor-column-gap-default\">\n\t\t\t\t\t<div class=\"elementor-column elementor-col-100 elementor-inner-column elementor-element elementor-element-0af44f4\" data-id=\"0af44f4\" data-element_type=\"column\">\n\t\t\t<div class=\"elementor-widget-wrap elementor-element-populated\">\n\t\t\t\t\t\t<div class=\"elementor-element elementor-element-cf6b954 elementor-widget elementor-widget-heading\" data-id=\"cf6b954\" data-element_type=\"widget\" data-widget_type=\"heading.default\">\n\t\t\t\t<div class=\"elementor-widget-container\">\n\t\t\t\t\t<p class=\"elementor-heading-title elementor-size-default\">links<\/p>\t\t\t\t<\/div>\n\t\t\t\t<\/div>\n\t\t\t\t\t<\/div>\n\t\t<\/div>\n\t\t\t\t\t<\/div>\n\t\t<\/section>\n\t\t\t\t\t<\/div>\n\t\t<\/div>\n\t\t\t\t\t<\/div>\n\t\t<\/section>\n\t\t\t\t<section class=\"elementor-section elementor-top-section elementor-element elementor-element-f5de3b1 elementor-section-full_width elementor-section-height-default elementor-section-height-default\" data-id=\"f5de3b1\" data-element_type=\"section\" data-settings=\"{&quot;background_background&quot;:&quot;gradient&quot;}\">\n\t\t\t\t\t\t<div class=\"elementor-container elementor-column-gap-default\">\n\t\t\t\t\t<div class=\"elementor-column elementor-col-100 elementor-top-column elementor-element elementor-element-a62c8b5\" data-id=\"a62c8b5\" data-element_type=\"column\" data-settings=\"{&quot;background_background&quot;:&quot;gradient&quot;}\">\n\t\t\t<div class=\"elementor-widget-wrap elementor-element-populated\">\n\t\t\t\t\t\t<div class=\"elementor-element elementor-element-2208abd elementor-widget elementor-widget-image\" data-id=\"2208abd\" data-element_type=\"widget\" data-widget_type=\"image.default\">\n\t\t\t\t<div class=\"elementor-widget-container\">\n\t\t\t\t\t\t\t\t\t\t\t\t\t\t\t<img fetchpriority=\"high\" decoding=\"async\" width=\"800\" height=\"534\" src=\"https:\/\/horse4healing.ch\/wp-content\/uploads\/2024\/06\/18-IMG_6030-1024x683.jpg\" class=\"attachment-large size-large wp-image-3329\" alt=\"Harmonie, Einheit, Leichtigkeit, Freiheit\" srcset=\"https:\/\/horse4healing.ch\/wp-content\/uploads\/2024\/06\/18-IMG_6030-1024x683.jpg 1024w, https:\/\/horse4healing.ch\/wp-content\/uploads\/2024\/06\/18-IMG_6030-300x200.jpg 300w, https:\/\/horse4healing.ch\/wp-content\/uploads\/2024\/06\/18-IMG_6030-768x512.jpg 768w, https:\/\/horse4healing.ch\/wp-content\/uploads\/2024\/06\/18-IMG_6030-1536x1024.jpg 1536w, https:\/\/horse4healing.ch\/wp-content\/uploads\/2024\/06\/18-IMG_6030-2048x1365.jpg 2048w, https:\/\/horse4healing.ch\/wp-content\/uploads\/2024\/06\/18-IMG_6030-18x12.jpg 18w\" sizes=\"(max-width: 800px) 100vw, 800px\" \/>\t\t\t\t\t\t\t\t\t\t\t\t\t\t\t<\/div>\n\t\t\t\t<\/div>\n\t\t\t\t<section class=\"elementor-section elementor-inner-section elementor-element elementor-element-bd3417d elementor-section-boxed elementor-section-height-default elementor-section-height-default\" data-id=\"bd3417d\" data-element_type=\"section\">\n\t\t\t\t\t\t<div class=\"elementor-container elementor-column-gap-default\">\n\t\t\t\t\t<div class=\"elementor-column elementor-col-100 elementor-inner-column elementor-element elementor-element-d305c99\" data-id=\"d305c99\" data-element_type=\"column\">\n\t\t\t<div class=\"elementor-widget-wrap elementor-element-populated\">\n\t\t\t\t\t\t<div class=\"elementor-element elementor-element-15d0100 elementor-widget elementor-widget-text-editor\" data-id=\"15d0100\" data-element_type=\"widget\" data-widget_type=\"text-editor.default\">\n\t\t\t\t<div class=\"elementor-widget-container\">\n\t\t\t\t\t\t\t\t\t<p><a href=\"https:\/\/reflectedhorses.ch\/\" target=\"_blank\" rel=\"noopener\"><span style=\"color: #08abae; text-decoration: underline;\">Reflected Horses<\/span><\/a> &#8211; Fotografin (Fotoshooting f\u00fcr HORSE4HEALING)<br \/>We show you how the light casts the most beautiful shadow.<\/p>\t\t\t\t\t\t\t\t<\/div>\n\t\t\t\t<\/div>\n\t\t\t\t<div class=\"elementor-element elementor-element-f1d6f86 elementor-widget elementor-widget-text-editor\" data-id=\"f1d6f86\" data-element_type=\"widget\" data-widget_type=\"text-editor.default\">\n\t\t\t\t<div class=\"elementor-widget-container\">\n\t\t\t\t\t\t\t\t\t<p><a href=\"https:\/\/juracoeur.ch\/\">JuraC\u0153ur (juracoeur.ch)<\/a> &#8211; La Cote aux F\u00e9es, Entspannen und Geniessen.\u00a0<span style=\"background-color: transparent;\">Ein magischer Erholungsort.<\/span><\/p>\t\t\t\t\t\t\t\t<\/div>\n\t\t\t\t<\/div>\n\t\t\t\t\t<\/div>\n\t\t<\/div>\n\t\t\t\t\t<\/div>\n\t\t<\/section>\n\t\t\t\t\t<\/div>\n\t\t<\/div>\n\t\t\t\t\t<\/div>\n\t\t<\/section>\n\t\t\t\t<\/div>","protected":false},"excerpt":{"rendered":"<p>links Reflected Horses &#8211; Fotografin (Fotoshooting f\u00fcr HORSE4HEALING)Wir zeigen dir, wie das Licht den sch\u00f6nsten Schatten wirft. JuraC\u0153ur (juracoeur.ch) &#8211; La Cote aux F\u00e9es, Entspannen und Geniessen.\u00a0Ein magischer Erholungsort.<\/p>","protected":false},"author":5,"featured_media":0,"parent":0,"menu_order":0,"comment_status":"closed","ping_status":"closed","template":"","meta":{"footnotes":""},"class_list":["post-3063","page","type-page","status-publish","hentry"],"yoast_head":"<!-- This site is optimized with the Yoast SEO plugin v26.4 - https:\/\/yoast.com\/wordpress\/plugins\/seo\/ -->\n<title>Links - HORSE4HEALING<\/title>\n<meta name=\"robots\" content=\"index, follow, max-snippet:-1, max-image-preview:large, max-video-preview:-1\" \/>\n<link rel=\"canonical\" href=\"https:\/\/horse4healing.ch\/en\/links\/\" \/>\n<meta property=\"og:locale\" content=\"en_GB\" \/>\n<meta property=\"og:type\" content=\"article\" \/>\n<meta property=\"og:title\" content=\"Links - HORSE4HEALING\" \/>\n<meta property=\"og:description\" content=\"links Reflected Horses &#8211; Fotografin (Fotoshooting f\u00fcr HORSE4HEALING)Wir zeigen dir, wie das Licht den sch\u00f6nsten Schatten wirft. JuraC\u0153ur (juracoeur.ch) &#8211; La Cote aux F\u00e9es, Entspannen und Geniessen.\u00a0Ein magischer Erholungsort.\" \/>\n<meta property=\"og:url\" content=\"https:\/\/horse4healing.ch\/en\/links\/\" \/>\n<meta property=\"og:site_name\" content=\"HORSE4HEALING\" \/>\n<meta property=\"article:publisher\" content=\"https:\/\/www.facebook.com\/HORSE4HEALING.ch\/\" \/>\n<meta property=\"article:modified_time\" content=\"2024-07-01T21:45:59+00:00\" \/>\n<meta property=\"og:image\" content=\"https:\/\/horse4healing.ch\/wp-content\/uploads\/2024\/06\/18-IMG_6030-1024x683.jpg\" \/>\n<meta name=\"twitter:card\" content=\"summary_large_image\" \/>\n<meta name=\"twitter:label1\" content=\"Estimated reading time\" \/>\n\t<meta name=\"twitter:data1\" content=\"1 minute\" \/>\n<script type=\"application\/ld+json\" class=\"yoast-schema-graph\">{\"@context\":\"https:\/\/schema.org\",\"@graph\":[{\"@type\":\"WebPage\",\"@id\":\"https:\/\/horse4healing.ch\/links\/\",\"url\":\"https:\/\/horse4healing.ch\/links\/\",\"name\":\"Links - HORSE4HEALING\",\"isPartOf\":{\"@id\":\"https:\/\/horse4healing.ch\/#website\"},\"primaryImageOfPage\":{\"@id\":\"https:\/\/horse4healing.ch\/links\/#primaryimage\"},\"image\":{\"@id\":\"https:\/\/horse4healing.ch\/links\/#primaryimage\"},\"thumbnailUrl\":\"https:\/\/horse4healing.ch\/wp-content\/uploads\/2024\/06\/18-IMG_6030-1024x683.jpg\",\"datePublished\":\"2023-09-05T16:28:47+00:00\",\"dateModified\":\"2024-07-01T21:45:59+00:00\",\"breadcrumb\":{\"@id\":\"https:\/\/horse4healing.ch\/links\/#breadcrumb\"},\"inLanguage\":\"en-GB\",\"potentialAction\":[{\"@type\":\"ReadAction\",\"target\":[\"https:\/\/horse4healing.ch\/links\/\"]}]},{\"@type\":\"ImageObject\",\"inLanguage\":\"en-GB\",\"@id\":\"https:\/\/horse4healing.ch\/links\/#primaryimage\",\"url\":\"https:\/\/horse4healing.ch\/wp-content\/uploads\/2024\/06\/18-IMG_6030-1024x683.jpg\",\"contentUrl\":\"https:\/\/horse4healing.ch\/wp-content\/uploads\/2024\/06\/18-IMG_6030-1024x683.jpg\"},{\"@type\":\"BreadcrumbList\",\"@id\":\"https:\/\/horse4healing.ch\/links\/#breadcrumb\",\"itemListElement\":[{\"@type\":\"ListItem\",\"position\":1,\"name\":\"Startseite\",\"item\":\"https:\/\/horse4healing.ch\/\"},{\"@type\":\"ListItem\",\"position\":2,\"name\":\"Links\"}]},{\"@type\":\"WebSite\",\"@id\":\"https:\/\/horse4healing.ch\/#website\",\"url\":\"https:\/\/horse4healing.ch\/\",\"name\":\"HORSE4HEALING\",\"description\":\"Pferdegest\u00fctztes Coaching &amp; Problempferde\",\"publisher\":{\"@id\":\"https:\/\/horse4healing.ch\/#organization\"},\"potentialAction\":[{\"@type\":\"SearchAction\",\"target\":{\"@type\":\"EntryPoint\",\"urlTemplate\":\"https:\/\/horse4healing.ch\/?s={search_term_string}\"},\"query-input\":{\"@type\":\"PropertyValueSpecification\",\"valueRequired\":true,\"valueName\":\"search_term_string\"}}],\"inLanguage\":\"en-GB\"},{\"@type\":\"Organization\",\"@id\":\"https:\/\/horse4healing.ch\/#organization\",\"name\":\"HORSE4HEALING\",\"url\":\"https:\/\/horse4healing.ch\/\",\"logo\":{\"@type\":\"ImageObject\",\"inLanguage\":\"en-GB\",\"@id\":\"https:\/\/horse4healing.ch\/#\/schema\/logo\/image\/\",\"url\":\"https:\/\/horse4healing.ch\/wp-content\/uploads\/2023\/04\/H4H-1-scaled.jpg\",\"contentUrl\":\"https:\/\/horse4healing.ch\/wp-content\/uploads\/2023\/04\/H4H-1-scaled.jpg\",\"width\":2560,\"height\":1932,\"caption\":\"HORSE4HEALING\"},\"image\":{\"@id\":\"https:\/\/horse4healing.ch\/#\/schema\/logo\/image\/\"},\"sameAs\":[\"https:\/\/www.facebook.com\/HORSE4HEALING.ch\/\",\"https:\/\/www.instagram.com\/horse4healing.ch\/\",\"https:\/\/www.linkedin.com\/in\/nataliedeborarussell\/\"]}]}<\/script>\n<!-- \/ Yoast SEO plugin. -->","yoast_head_json":{"title":"Links - HORSE4HEALING","robots":{"index":"index","follow":"follow","max-snippet":"max-snippet:-1","max-image-preview":"max-image-preview:large","max-video-preview":"max-video-preview:-1"},"canonical":"https:\/\/horse4healing.ch\/en\/links\/","og_locale":"en_GB","og_type":"article","og_title":"Links - HORSE4HEALING","og_description":"links Reflected Horses &#8211; Fotografin (Fotoshooting f\u00fcr HORSE4HEALING)Wir zeigen dir, wie das Licht den sch\u00f6nsten Schatten wirft. JuraC\u0153ur (juracoeur.ch) &#8211; La Cote aux F\u00e9es, Entspannen und Geniessen.\u00a0Ein magischer Erholungsort.","og_url":"https:\/\/horse4healing.ch\/en\/links\/","og_site_name":"HORSE4HEALING","article_publisher":"https:\/\/www.facebook.com\/HORSE4HEALING.ch\/","article_modified_time":"2024-07-01T21:45:59+00:00","og_image":[{"url":"https:\/\/horse4healing.ch\/wp-content\/uploads\/2024\/06\/18-IMG_6030-1024x683.jpg","type":"","width":"","height":""}],"twitter_card":"summary_large_image","twitter_misc":{"Estimated reading time":"1 minute"},"schema":{"@context":"https:\/\/schema.org","@graph":[{"@type":"WebPage","@id":"https:\/\/horse4healing.ch\/links\/","url":"https:\/\/horse4healing.ch\/links\/","name":"Links - HORSE4HEALING","isPartOf":{"@id":"https:\/\/horse4healing.ch\/#website"},"primaryImageOfPage":{"@id":"https:\/\/horse4healing.ch\/links\/#primaryimage"},"image":{"@id":"https:\/\/horse4healing.ch\/links\/#primaryimage"},"thumbnailUrl":"https:\/\/horse4healing.ch\/wp-content\/uploads\/2024\/06\/18-IMG_6030-1024x683.jpg","datePublished":"2023-09-05T16:28:47+00:00","dateModified":"2024-07-01T21:45:59+00:00","breadcrumb":{"@id":"https:\/\/horse4healing.ch\/links\/#breadcrumb"},"inLanguage":"en-GB","potentialAction":[{"@type":"ReadAction","target":["https:\/\/horse4healing.ch\/links\/"]}]},{"@type":"ImageObject","inLanguage":"en-GB","@id":"https:\/\/horse4healing.ch\/links\/#primaryimage","url":"https:\/\/horse4healing.ch\/wp-content\/uploads\/2024\/06\/18-IMG_6030-1024x683.jpg","contentUrl":"https:\/\/horse4healing.ch\/wp-content\/uploads\/2024\/06\/18-IMG_6030-1024x683.jpg"},{"@type":"BreadcrumbList","@id":"https:\/\/horse4healing.ch\/links\/#breadcrumb","itemListElement":[{"@type":"ListItem","position":1,"name":"Startseite","item":"https:\/\/horse4healing.ch\/"},{"@type":"ListItem","position":2,"name":"Links"}]},{"@type":"WebSite","@id":"https:\/\/horse4healing.ch\/#website","url":"https:\/\/horse4healing.ch\/","name":"HORSE4HEALING","description":"Pferdegest\u00fctztes Coaching &amp; Problempferde","publisher":{"@id":"https:\/\/horse4healing.ch\/#organization"},"potentialAction":[{"@type":"SearchAction","target":{"@type":"EntryPoint","urlTemplate":"https:\/\/horse4healing.ch\/?s={search_term_string}"},"query-input":{"@type":"PropertyValueSpecification","valueRequired":true,"valueName":"search_term_string"}}],"inLanguage":"en-GB"},{"@type":"Organization","@id":"https:\/\/horse4healing.ch\/#organization","name":"HORSE4HEALING","url":"https:\/\/horse4healing.ch\/","logo":{"@type":"ImageObject","inLanguage":"en-GB","@id":"https:\/\/horse4healing.ch\/#\/schema\/logo\/image\/","url":"https:\/\/horse4healing.ch\/wp-content\/uploads\/2023\/04\/H4H-1-scaled.jpg","contentUrl":"https:\/\/horse4healing.ch\/wp-content\/uploads\/2023\/04\/H4H-1-scaled.jpg","width":2560,"height":1932,"caption":"HORSE4HEALING"},"image":{"@id":"https:\/\/horse4healing.ch\/#\/schema\/logo\/image\/"},"sameAs":["https:\/\/www.facebook.com\/HORSE4HEALING.ch\/","https:\/\/www.instagram.com\/horse4healing.ch\/","https:\/\/www.linkedin.com\/in\/nataliedeborarussell\/"]}]}},"_links":{"self":[{"href":"https:\/\/horse4healing.ch\/en\/wp-json\/wp\/v2\/pages\/3063","targetHints":{"allow":["GET"]}}],"collection":[{"href":"https:\/\/horse4healing.ch\/en\/wp-json\/wp\/v2\/pages"}],"about":[{"href":"https:\/\/horse4healing.ch\/en\/wp-json\/wp\/v2\/types\/page"}],"author":[{"embeddable":true,"href":"https:\/\/horse4healing.ch\/en\/wp-json\/wp\/v2\/users\/5"}],"replies":[{"embeddable":true,"href":"https:\/\/horse4healing.ch\/en\/wp-json\/wp\/v2\/comments?post=3063"}],"version-history":[{"count":46,"href":"https:\/\/horse4healing.ch\/en\/wp-json\/wp\/v2\/pages\/3063\/revisions"}],"predecessor-version":[{"id":3421,"href":"https:\/\/horse4healing.ch\/en\/wp-json\/wp\/v2\/pages\/3063\/revisions\/3421"}],"wp:attachment":[{"href":"https:\/\/horse4healing.ch\/en\/wp-json\/wp\/v2\/media?parent=3063"}],"curies":[{"name":"wp","href":"https:\/\/api.w.org\/{rel}","templated":true}]}}