{"id":2995,"date":"2023-09-05T18:31:09","date_gmt":"2023-09-05T16:31:09","guid":{"rendered":"https:\/\/horse4healing.ch\/?page_id=2995"},"modified":"2024-06-21T15:59:26","modified_gmt":"2024-06-21T13:59:26","slug":"impressum","status":"publish","type":"page","link":"https:\/\/horse4healing.ch\/en\/impressum\/","title":{"rendered":"Legal Disclosure"},"content":{"rendered":"<div data-elementor-type=\"wp-page\" data-elementor-id=\"2995\" class=\"elementor elementor-2995\" data-elementor-post-type=\"page\">\n\t\t\t\t\t\t<section class=\"elementor-section elementor-top-section elementor-element elementor-element-519b165 elementor-section-full_width elementor-section-height-default elementor-section-height-default\" data-id=\"519b165\" data-element_type=\"section\" data-settings=\"{&quot;background_background&quot;:&quot;classic&quot;}\">\n\t\t\t\t\t\t\t<div class=\"elementor-background-overlay\"><\/div>\n\t\t\t\t\t\t\t<div class=\"elementor-container elementor-column-gap-default\">\n\t\t\t\t\t<div class=\"elementor-column elementor-col-100 elementor-top-column elementor-element elementor-element-c76389d\" data-id=\"c76389d\" data-element_type=\"column\" data-settings=\"{&quot;background_background&quot;:&quot;gradient&quot;}\">\n\t\t\t<div class=\"elementor-widget-wrap elementor-element-populated\">\n\t\t\t\t\t\t<section class=\"elementor-section elementor-inner-section elementor-element elementor-element-1299350 elementor-section-boxed elementor-section-height-default elementor-section-height-default\" data-id=\"1299350\" data-element_type=\"section\" data-settings=\"{&quot;background_background&quot;:&quot;gradient&quot;}\">\n\t\t\t\t\t\t<div class=\"elementor-container elementor-column-gap-default\">\n\t\t\t\t\t<div class=\"elementor-column elementor-col-100 elementor-inner-column elementor-element elementor-element-d4f8860\" data-id=\"d4f8860\" data-element_type=\"column\">\n\t\t\t<div class=\"elementor-widget-wrap elementor-element-populated\">\n\t\t\t\t\t\t<div class=\"elementor-element elementor-element-b10632e elementor-widget elementor-widget-heading\" data-id=\"b10632e\" data-element_type=\"widget\" data-widget_type=\"heading.default\">\n\t\t\t\t<div class=\"elementor-widget-container\">\n\t\t\t\t\t<p class=\"elementor-heading-title elementor-size-default\">Legal Disclosure<\/p>\t\t\t\t<\/div>\n\t\t\t\t<\/div>\n\t\t\t\t<div class=\"elementor-element elementor-element-d32bab1 elementor-widget elementor-widget-text-editor\" data-id=\"d32bab1\" data-element_type=\"widget\" data-widget_type=\"text-editor.default\">\n\t\t\t\t<div class=\"elementor-widget-container\">\n\t\t\t\t\t\t\t\t\t<p><b>Verantwortliche Instanz:<\/b><br \/>HORSE4HEALING<br \/>Lanzendornstrasse 5<br \/>8572 Graltshausen<br \/>Schweiz<\/p><p><strong>Tel.: <\/strong>+41 (0)78 871 79 01<\/p><p><strong>E-Mail<\/strong>: info@horse4healing.ch<\/p><p><strong>Vertretungsberechtigte Personen<\/strong><br \/>Natalie Debora Russell<\/p><p><strong>Name des Unternehmens<\/strong>: HORSE4HEALING<br \/><strong>Registrationsnummer<\/strong>: CHE-320.400.841<br \/><strong>Umsatzsteuer-Identifikationsnummer<\/strong>: CHE-320.400.841 MWST<\/p><p><strong>Haftungsausschluss<\/strong><br \/>Der Autor \u00fcbernimmt keine Gew\u00e4hr f\u00fcr die Richtigkeit, Genauigkeit, Aktualit\u00e4t, Zuverl\u00e4ssigkeit und Vollst\u00e4ndigkeit der Informationen.<br \/>Haftungsanspr\u00fcche gegen den Autor wegen Sch\u00e4den materieller oder immaterieller Art, die aus dem Zugriff oder der Nutzung bzw. Nichtnutzung der ver\u00f6ffentlichten Informationen, durch Missbrauch der Verbindung oder durch technische St\u00f6rungen entstanden sind, werden ausgeschlossen.<\/p><p>Alle Angebote sind freibleibend. Der Autor beh\u00e4lt es sich ausdr\u00fccklich vor, Teile der Seiten oder das gesamte Angebot ohne gesonderte Ank\u00fcndigung zu ver\u00e4ndern, zu erg\u00e4nzen, zu l\u00f6schen oder die Ver\u00f6ffentlichung zeitweise oder endg\u00fcltig einzustellen.<\/p><p><strong>Haftungsausschluss f\u00fcr Inhalte und Links<\/strong><br \/>Verweise und Links auf Webseiten Dritter liegen ausserhalb unseres Verantwortungsbereichs. Es wird jegliche Verantwortung f\u00fcr solche Webseiten abgelehnt. Der Zugriff und die Nutzung solcher Webseiten erfolgen auf eigene Gefahr des jeweiligen Nutzers.<\/p><p><strong>Urheberrechtserkl\u00e4rung<\/strong><br \/>Die Urheber- und alle anderen Rechte an Inhalten, Bildern, Fotos oder anderen Dateien auf dieser Website, geh\u00f6ren ausschliesslich HORSE4HEALING oder den speziell genannten Rechteinhabern. F\u00fcr die Reproduktion jeglicher Elemente ist die schriftliche Zustimmung des Urheberrechtstr\u00e4gers im Voraus einzuholen.<\/p><p><strong>Quelle<\/strong>: <a style=\"color: inherit; text-decoration: none;\" href=\"https:\/\/brainbox.swiss\/\" rel=\"nofollow\">BrainBox Solutions<\/a><\/p>\t\t\t\t\t\t\t\t<\/div>\n\t\t\t\t<\/div>\n\t\t\t\t\t<\/div>\n\t\t<\/div>\n\t\t\t\t\t<\/div>\n\t\t<\/section>\n\t\t\t\t\t<\/div>\n\t\t<\/div>\n\t\t\t\t\t<\/div>\n\t\t<\/section>\n\t\t\t\t<\/div>","protected":false},"excerpt":{"rendered":"<p>Impressum Verantwortliche Instanz:HORSE4HEALINGLanzendornstrasse 58572 GraltshausenSchweiz Tel.: +41 (0)78 871 79 01 E-Mail: info@horse4healing.ch Vertretungsberechtigte PersonenNatalie Debora Russell Name des Unternehmens: HORSE4HEALINGRegistrationsnummer: CHE-320.400.841Umsatzsteuer-Identifikationsnummer: CHE-320.400.841 MWST HaftungsausschlussDer Autor \u00fcbernimmt keine Gew\u00e4hr f\u00fcr die Richtigkeit, Genauigkeit, Aktualit\u00e4t, Zuverl\u00e4ssigkeit und Vollst\u00e4ndigkeit der Informationen.Haftungsanspr\u00fcche gegen den Autor wegen Sch\u00e4den materieller oder immaterieller Art, die aus dem Zugriff oder der Nutzung [&hellip;]<\/p>","protected":false},"author":5,"featured_media":0,"parent":0,"menu_order":0,"comment_status":"closed","ping_status":"closed","template":"","meta":{"footnotes":""},"class_list":["post-2995","page","type-page","status-publish","hentry"],"yoast_head":"<!-- This site is optimized with the Yoast SEO plugin v26.4 - https:\/\/yoast.com\/wordpress\/plugins\/seo\/ -->\n<title>Impressum - HORSE4HEALING<\/title>\n<meta name=\"robots\" content=\"noindex, nofollow\" \/>\n<meta property=\"og:locale\" content=\"en_GB\" \/>\n<meta property=\"og:type\" content=\"article\" \/>\n<meta property=\"og:title\" content=\"Impressum - HORSE4HEALING\" \/>\n<meta property=\"og:description\" content=\"Impressum Verantwortliche Instanz:HORSE4HEALINGLanzendornstrasse 58572 GraltshausenSchweiz Tel.: +41 (0)78 871 79 01 E-Mail: info@horse4healing.ch Vertretungsberechtigte PersonenNatalie Debora Russell Name des Unternehmens: HORSE4HEALINGRegistrationsnummer: CHE-320.400.841Umsatzsteuer-Identifikationsnummer: CHE-320.400.841 MWST HaftungsausschlussDer Autor \u00fcbernimmt keine Gew\u00e4hr f\u00fcr die Richtigkeit, Genauigkeit, Aktualit\u00e4t, Zuverl\u00e4ssigkeit und Vollst\u00e4ndigkeit der Informationen.Haftungsanspr\u00fcche gegen den Autor wegen Sch\u00e4den materieller oder immaterieller Art, die aus dem Zugriff oder der Nutzung [&hellip;]\" \/>\n<meta property=\"og:url\" content=\"https:\/\/horse4healing.ch\/en\/impressum\/\" \/>\n<meta property=\"og:site_name\" content=\"HORSE4HEALING\" \/>\n<meta property=\"article:publisher\" content=\"https:\/\/www.facebook.com\/HORSE4HEALING.ch\/\" \/>\n<meta property=\"article:modified_time\" content=\"2024-06-21T13:59:26+00:00\" \/>\n<meta name=\"twitter:card\" content=\"summary_large_image\" \/>\n<meta name=\"twitter:label1\" content=\"Estimated reading time\" \/>\n\t<meta name=\"twitter:data1\" content=\"2 minutes\" \/>\n<script type=\"application\/ld+json\" class=\"yoast-schema-graph\">{\"@context\":\"https:\/\/schema.org\",\"@graph\":[{\"@type\":\"WebPage\",\"@id\":\"https:\/\/horse4healing.ch\/impressum\/\",\"url\":\"https:\/\/horse4healing.ch\/impressum\/\",\"name\":\"Impressum - HORSE4HEALING\",\"isPartOf\":{\"@id\":\"https:\/\/horse4healing.ch\/#website\"},\"datePublished\":\"2023-09-05T16:31:09+00:00\",\"dateModified\":\"2024-06-21T13:59:26+00:00\",\"breadcrumb\":{\"@id\":\"https:\/\/horse4healing.ch\/impressum\/#breadcrumb\"},\"inLanguage\":\"en-GB\",\"potentialAction\":[{\"@type\":\"ReadAction\",\"target\":[\"https:\/\/horse4healing.ch\/impressum\/\"]}]},{\"@type\":\"BreadcrumbList\",\"@id\":\"https:\/\/horse4healing.ch\/impressum\/#breadcrumb\",\"itemListElement\":[{\"@type\":\"ListItem\",\"position\":1,\"name\":\"Startseite\",\"item\":\"https:\/\/horse4healing.ch\/\"},{\"@type\":\"ListItem\",\"position\":2,\"name\":\"Impressum\"}]},{\"@type\":\"WebSite\",\"@id\":\"https:\/\/horse4healing.ch\/#website\",\"url\":\"https:\/\/horse4healing.ch\/\",\"name\":\"HORSE4HEALING\",\"description\":\"Pferdegest\u00fctztes Coaching &amp; Problempferde\",\"publisher\":{\"@id\":\"https:\/\/horse4healing.ch\/#organization\"},\"potentialAction\":[{\"@type\":\"SearchAction\",\"target\":{\"@type\":\"EntryPoint\",\"urlTemplate\":\"https:\/\/horse4healing.ch\/?s={search_term_string}\"},\"query-input\":{\"@type\":\"PropertyValueSpecification\",\"valueRequired\":true,\"valueName\":\"search_term_string\"}}],\"inLanguage\":\"en-GB\"},{\"@type\":\"Organization\",\"@id\":\"https:\/\/horse4healing.ch\/#organization\",\"name\":\"HORSE4HEALING\",\"url\":\"https:\/\/horse4healing.ch\/\",\"logo\":{\"@type\":\"ImageObject\",\"inLanguage\":\"en-GB\",\"@id\":\"https:\/\/horse4healing.ch\/#\/schema\/logo\/image\/\",\"url\":\"https:\/\/horse4healing.ch\/wp-content\/uploads\/2023\/04\/H4H-1-scaled.jpg\",\"contentUrl\":\"https:\/\/horse4healing.ch\/wp-content\/uploads\/2023\/04\/H4H-1-scaled.jpg\",\"width\":2560,\"height\":1932,\"caption\":\"HORSE4HEALING\"},\"image\":{\"@id\":\"https:\/\/horse4healing.ch\/#\/schema\/logo\/image\/\"},\"sameAs\":[\"https:\/\/www.facebook.com\/HORSE4HEALING.ch\/\",\"https:\/\/www.instagram.com\/horse4healing.ch\/\",\"https:\/\/www.linkedin.com\/in\/nataliedeborarussell\/\"]}]}<\/script>\n<!-- \/ Yoast SEO plugin. -->","yoast_head_json":{"title":"Impressum - HORSE4HEALING","robots":{"index":"noindex","follow":"nofollow"},"og_locale":"en_GB","og_type":"article","og_title":"Impressum - HORSE4HEALING","og_description":"Impressum Verantwortliche Instanz:HORSE4HEALINGLanzendornstrasse 58572 GraltshausenSchweiz Tel.: +41 (0)78 871 79 01 E-Mail: info@horse4healing.ch Vertretungsberechtigte PersonenNatalie Debora Russell Name des Unternehmens: HORSE4HEALINGRegistrationsnummer: CHE-320.400.841Umsatzsteuer-Identifikationsnummer: CHE-320.400.841 MWST HaftungsausschlussDer Autor \u00fcbernimmt keine Gew\u00e4hr f\u00fcr die Richtigkeit, Genauigkeit, Aktualit\u00e4t, Zuverl\u00e4ssigkeit und Vollst\u00e4ndigkeit der Informationen.Haftungsanspr\u00fcche gegen den Autor wegen Sch\u00e4den materieller oder immaterieller Art, die aus dem Zugriff oder der Nutzung [&hellip;]","og_url":"https:\/\/horse4healing.ch\/en\/impressum\/","og_site_name":"HORSE4HEALING","article_publisher":"https:\/\/www.facebook.com\/HORSE4HEALING.ch\/","article_modified_time":"2024-06-21T13:59:26+00:00","twitter_card":"summary_large_image","twitter_misc":{"Estimated reading time":"2 minutes"},"schema":{"@context":"https:\/\/schema.org","@graph":[{"@type":"WebPage","@id":"https:\/\/horse4healing.ch\/impressum\/","url":"https:\/\/horse4healing.ch\/impressum\/","name":"Impressum - HORSE4HEALING","isPartOf":{"@id":"https:\/\/horse4healing.ch\/#website"},"datePublished":"2023-09-05T16:31:09+00:00","dateModified":"2024-06-21T13:59:26+00:00","breadcrumb":{"@id":"https:\/\/horse4healing.ch\/impressum\/#breadcrumb"},"inLanguage":"en-GB","potentialAction":[{"@type":"ReadAction","target":["https:\/\/horse4healing.ch\/impressum\/"]}]},{"@type":"BreadcrumbList","@id":"https:\/\/horse4healing.ch\/impressum\/#breadcrumb","itemListElement":[{"@type":"ListItem","position":1,"name":"Startseite","item":"https:\/\/horse4healing.ch\/"},{"@type":"ListItem","position":2,"name":"Impressum"}]},{"@type":"WebSite","@id":"https:\/\/horse4healing.ch\/#website","url":"https:\/\/horse4healing.ch\/","name":"HORSE4HEALING","description":"Pferdegest\u00fctztes Coaching &amp; Problempferde","publisher":{"@id":"https:\/\/horse4healing.ch\/#organization"},"potentialAction":[{"@type":"SearchAction","target":{"@type":"EntryPoint","urlTemplate":"https:\/\/horse4healing.ch\/?s={search_term_string}"},"query-input":{"@type":"PropertyValueSpecification","valueRequired":true,"valueName":"search_term_string"}}],"inLanguage":"en-GB"},{"@type":"Organization","@id":"https:\/\/horse4healing.ch\/#organization","name":"HORSE4HEALING","url":"https:\/\/horse4healing.ch\/","logo":{"@type":"ImageObject","inLanguage":"en-GB","@id":"https:\/\/horse4healing.ch\/#\/schema\/logo\/image\/","url":"https:\/\/horse4healing.ch\/wp-content\/uploads\/2023\/04\/H4H-1-scaled.jpg","contentUrl":"https:\/\/horse4healing.ch\/wp-content\/uploads\/2023\/04\/H4H-1-scaled.jpg","width":2560,"height":1932,"caption":"HORSE4HEALING"},"image":{"@id":"https:\/\/horse4healing.ch\/#\/schema\/logo\/image\/"},"sameAs":["https:\/\/www.facebook.com\/HORSE4HEALING.ch\/","https:\/\/www.instagram.com\/horse4healing.ch\/","https:\/\/www.linkedin.com\/in\/nataliedeborarussell\/"]}]}},"_links":{"self":[{"href":"https:\/\/horse4healing.ch\/en\/wp-json\/wp\/v2\/pages\/2995","targetHints":{"allow":["GET"]}}],"collection":[{"href":"https:\/\/horse4healing.ch\/en\/wp-json\/wp\/v2\/pages"}],"about":[{"href":"https:\/\/horse4healing.ch\/en\/wp-json\/wp\/v2\/types\/page"}],"author":[{"embeddable":true,"href":"https:\/\/horse4healing.ch\/en\/wp-json\/wp\/v2\/users\/5"}],"replies":[{"embeddable":true,"href":"https:\/\/horse4healing.ch\/en\/wp-json\/wp\/v2\/comments?post=2995"}],"version-history":[{"count":7,"href":"https:\/\/horse4healing.ch\/en\/wp-json\/wp\/v2\/pages\/2995\/revisions"}],"predecessor-version":[{"id":3295,"href":"https:\/\/horse4healing.ch\/en\/wp-json\/wp\/v2\/pages\/2995\/revisions\/3295"}],"wp:attachment":[{"href":"https:\/\/horse4healing.ch\/en\/wp-json\/wp\/v2\/media?parent=2995"}],"curies":[{"name":"wp","href":"https:\/\/api.w.org\/{rel}","templated":true}]}}