{"id":2293,"date":"2023-08-15T19:06:01","date_gmt":"2023-08-15T17:06:01","guid":{"rendered":"https:\/\/horse4healing.ch\/?page_id=2293"},"modified":"2024-12-30T12:42:41","modified_gmt":"2024-12-30T11:42:41","slug":"problempferde","status":"publish","type":"page","link":"https:\/\/horse4healing.ch\/en\/problempferde\/","title":{"rendered":"Problem Horses"},"content":{"rendered":"<div data-elementor-type=\"wp-page\" data-elementor-id=\"2293\" class=\"elementor elementor-2293\" data-elementor-post-type=\"page\">\n\t\t\t\t\t\t<section class=\"elementor-section elementor-top-section elementor-element elementor-element-a9c277f elementor-section-boxed elementor-section-height-default elementor-section-height-default\" data-id=\"a9c277f\" data-element_type=\"section\" data-settings=\"{&quot;background_background&quot;:&quot;gradient&quot;}\">\n\t\t\t\t\t\t<div class=\"elementor-container elementor-column-gap-no\">\n\t\t\t\t\t<div class=\"elementor-column elementor-col-50 elementor-top-column elementor-element elementor-element-e855f5f\" data-id=\"e855f5f\" data-element_type=\"column\">\n\t\t\t<div class=\"elementor-widget-wrap elementor-element-populated\">\n\t\t\t\t\t\t<div class=\"elementor-element elementor-element-c1743c1 elementor-widget elementor-widget-heading\" data-id=\"c1743c1\" data-element_type=\"widget\" data-widget_type=\"heading.default\">\n\t\t\t\t<div class=\"elementor-widget-container\">\n\t\t\t\t\t<h3 class=\"elementor-heading-title elementor-size-default\">Problem Horses<\/h3>\t\t\t\t<\/div>\n\t\t\t\t<\/div>\n\t\t\t\t<div class=\"elementor-element elementor-element-34d0e7a elementor-widget elementor-widget-heading\" data-id=\"34d0e7a\" data-element_type=\"widget\" data-widget_type=\"heading.default\">\n\t\t\t\t<div class=\"elementor-widget-container\">\n\t\t\t\t\t<h4 class=\"elementor-heading-title elementor-size-default\">Further Information to follow soon<\/h4>\t\t\t\t<\/div>\n\t\t\t\t<\/div>\n\t\t\t\t<div class=\"elementor-element elementor-element-b7c53a9 elementor-widget elementor-widget-button\" data-id=\"b7c53a9\" data-element_type=\"widget\" data-widget_type=\"button.default\">\n\t\t\t\t<div class=\"elementor-widget-container\">\n\t\t\t\t\t\t\t\t\t<div class=\"elementor-button-wrapper\">\n\t\t\t\t\t<a class=\"elementor-button elementor-button-link elementor-size-sm\" href=\"https:\/\/horse4healing.ch\/en\/kontakt\/\">\n\t\t\t\t\t\t<span class=\"elementor-button-content-wrapper\">\n\t\t\t\t\t\t\t\t\t<span class=\"elementor-button-text\">Get to know more<\/span>\n\t\t\t\t\t<\/span>\n\t\t\t\t\t<\/a>\n\t\t\t\t<\/div>\n\t\t\t\t\t\t\t\t<\/div>\n\t\t\t\t<\/div>\n\t\t\t\t<div class=\"elementor-element elementor-element-bc8e688 elementor-shape-circle elementor-grid-1 e-grid-align-right elementor-fixed elementor-widget elementor-widget-social-icons\" data-id=\"bc8e688\" data-element_type=\"widget\" data-settings=\"{&quot;_position&quot;:&quot;fixed&quot;}\" data-widget_type=\"social-icons.default\">\n\t\t\t\t<div class=\"elementor-widget-container\">\n\t\t\t\t\t\t\t<div class=\"elementor-social-icons-wrapper elementor-grid\" role=\"list\">\n\t\t\t\t\t\t\t<span class=\"elementor-grid-item\" role=\"listitem\">\n\t\t\t\t\t<a class=\"elementor-icon elementor-social-icon elementor-social-icon-linkedin elementor-repeater-item-6c1f7bc\" href=\"https:\/\/www.linkedin.com\/in\/nataliedeborarussell?miniProfileUrn=urn%3Ali%3Afs_miniProfile%3AACoAAClTmpYBhZ4mjZbN3NJKUgVv4UR842Fxnh8&#038;lipi=urn%3Ali%3Apage%3Ad_flagship3_search_srp_all%3Bw%2B%2F299%2FcRCuFgVmob0u69g%3D%3D\" target=\"_blank\">\n\t\t\t\t\t\t<span class=\"elementor-screen-only\">Linkedin<\/span>\n\t\t\t\t\t\t<i aria-hidden=\"true\" class=\"fab fa-linkedin\"><\/i>\t\t\t\t\t<\/a>\n\t\t\t\t<\/span>\n\t\t\t\t\t\t\t<span class=\"elementor-grid-item\" role=\"listitem\">\n\t\t\t\t\t<a class=\"elementor-icon elementor-social-icon elementor-social-icon-instagram elementor-repeater-item-cbc3b3c\" href=\"https:\/\/www.instagram.com\/horse4healing.ch\/?hl=de\" target=\"_blank\">\n\t\t\t\t\t\t<span class=\"elementor-screen-only\">Instagram<\/span>\n\t\t\t\t\t\t<i aria-hidden=\"true\" class=\"fab fa-instagram\"><\/i>\t\t\t\t\t<\/a>\n\t\t\t\t<\/span>\n\t\t\t\t\t\t\t<span class=\"elementor-grid-item\" role=\"listitem\">\n\t\t\t\t\t<a class=\"elementor-icon elementor-social-icon elementor-social-icon-facebook elementor-repeater-item-8351a3b\" href=\"https:\/\/www.facebook.com\/HORSE4HEALING.ch\/\" target=\"_blank\">\n\t\t\t\t\t\t<span class=\"elementor-screen-only\">Facebook<\/span>\n\t\t\t\t\t\t<i aria-hidden=\"true\" class=\"fab fa-facebook\"><\/i>\t\t\t\t\t<\/a>\n\t\t\t\t<\/span>\n\t\t\t\t\t<\/div>\n\t\t\t\t\t\t<\/div>\n\t\t\t\t<\/div>\n\t\t\t\t\t<\/div>\n\t\t<\/div>\n\t\t\t\t<div class=\"elementor-column elementor-col-50 elementor-top-column elementor-element elementor-element-dc7ceac\" data-id=\"dc7ceac\" data-element_type=\"column\">\n\t\t\t<div class=\"elementor-widget-wrap elementor-element-populated\">\n\t\t\t\t\t\t<div class=\"elementor-element elementor-element-c8fc14f elementor-widget elementor-widget-image\" data-id=\"c8fc14f\" data-element_type=\"widget\" data-widget_type=\"image.default\">\n\t\t\t\t<div class=\"elementor-widget-container\">\n\t\t\t\t\t\t\t\t\t\t\t\t\t\t\t<img fetchpriority=\"high\" decoding=\"async\" width=\"1869\" height=\"1813\" src=\"https:\/\/horse4healing.ch\/wp-content\/uploads\/2023\/08\/Berlin-Action.jpg\" class=\"attachment-full size-full wp-image-2306\" alt=\"\" srcset=\"https:\/\/horse4healing.ch\/wp-content\/uploads\/2023\/08\/Berlin-Action.jpg 1869w, https:\/\/horse4healing.ch\/wp-content\/uploads\/2023\/08\/Berlin-Action-300x291.jpg 300w, https:\/\/horse4healing.ch\/wp-content\/uploads\/2023\/08\/Berlin-Action-1024x993.jpg 1024w, https:\/\/horse4healing.ch\/wp-content\/uploads\/2023\/08\/Berlin-Action-768x745.jpg 768w, https:\/\/horse4healing.ch\/wp-content\/uploads\/2023\/08\/Berlin-Action-1536x1490.jpg 1536w, https:\/\/horse4healing.ch\/wp-content\/uploads\/2023\/08\/Berlin-Action-12x12.jpg 12w, https:\/\/horse4healing.ch\/wp-content\/uploads\/2023\/08\/Berlin-Action-320x310.jpg 320w, https:\/\/horse4healing.ch\/wp-content\/uploads\/2023\/08\/Berlin-Action-480x466.jpg 480w, https:\/\/horse4healing.ch\/wp-content\/uploads\/2023\/08\/Berlin-Action-800x776.jpg 800w\" sizes=\"(max-width: 1869px) 100vw, 1869px\" \/>\t\t\t\t\t\t\t\t\t\t\t\t\t\t\t<\/div>\n\t\t\t\t<\/div>\n\t\t\t\t\t<\/div>\n\t\t<\/div>\n\t\t\t\t\t<\/div>\n\t\t<\/section>\n\t\t\t\t<section class=\"elementor-section elementor-top-section elementor-element elementor-element-451c197 elementor-section-boxed elementor-section-height-default elementor-section-height-default\" data-id=\"451c197\" data-element_type=\"section\" data-settings=\"{&quot;background_background&quot;:&quot;classic&quot;}\">\n\t\t\t\t\t\t<div class=\"elementor-container elementor-column-gap-default\">\n\t\t\t\t\t<div class=\"elementor-column elementor-col-33 elementor-top-column elementor-element elementor-element-0da085d\" data-id=\"0da085d\" data-element_type=\"column\">\n\t\t\t<div class=\"elementor-widget-wrap elementor-element-populated\">\n\t\t\t\t\t\t<div class=\"elementor-element elementor-element-7ac7d43 elementor-widget elementor-widget-heading\" data-id=\"7ac7d43\" data-element_type=\"widget\" data-widget_type=\"heading.default\">\n\t\t\t\t<div class=\"elementor-widget-container\">\n\t\t\t\t\t<h3 class=\"elementor-heading-title elementor-size-default\">What do I offer?<\/h3>\t\t\t\t<\/div>\n\t\t\t\t<\/div>\n\t\t\t\t<div class=\"elementor-element elementor-element-d715382 elementor-widget elementor-widget-image\" data-id=\"d715382\" data-element_type=\"widget\" data-widget_type=\"image.default\">\n\t\t\t\t<div class=\"elementor-widget-container\">\n\t\t\t\t\t\t\t\t\t\t\t\t\t\t\t<img decoding=\"async\" width=\"2560\" height=\"1707\" src=\"https:\/\/horse4healing.ch\/wp-content\/uploads\/2024\/06\/4-IMG_5961-scaled.jpg\" class=\"attachment-full size-full wp-image-3306\" alt=\"\" srcset=\"https:\/\/horse4healing.ch\/wp-content\/uploads\/2024\/06\/4-IMG_5961-scaled.jpg 2560w, https:\/\/horse4healing.ch\/wp-content\/uploads\/2024\/06\/4-IMG_5961-300x200.jpg 300w, https:\/\/horse4healing.ch\/wp-content\/uploads\/2024\/06\/4-IMG_5961-1024x683.jpg 1024w, https:\/\/horse4healing.ch\/wp-content\/uploads\/2024\/06\/4-IMG_5961-768x512.jpg 768w, https:\/\/horse4healing.ch\/wp-content\/uploads\/2024\/06\/4-IMG_5961-1536x1024.jpg 1536w, https:\/\/horse4healing.ch\/wp-content\/uploads\/2024\/06\/4-IMG_5961-2048x1365.jpg 2048w, https:\/\/horse4healing.ch\/wp-content\/uploads\/2024\/06\/4-IMG_5961-18x12.jpg 18w\" sizes=\"(max-width: 2560px) 100vw, 2560px\" \/>\t\t\t\t\t\t\t\t\t\t\t\t\t\t\t<\/div>\n\t\t\t\t<\/div>\n\t\t\t\t\t<\/div>\n\t\t<\/div>\n\t\t\t\t<div class=\"elementor-column elementor-col-33 elementor-top-column elementor-element elementor-element-bdc01fd\" data-id=\"bdc01fd\" data-element_type=\"column\">\n\t\t\t<div class=\"elementor-widget-wrap elementor-element-populated\">\n\t\t\t\t\t\t<div class=\"elementor-element elementor-element-e4a9674 elementor-widget elementor-widget-toggle\" data-id=\"e4a9674\" data-element_type=\"widget\" data-widget_type=\"toggle.default\">\n\t\t\t\t<div class=\"elementor-widget-container\">\n\t\t\t\t\t\t\t<div class=\"elementor-toggle\">\n\t\t\t\t\t\t\t<div class=\"elementor-toggle-item\">\n\t\t\t\t\t<div id=\"elementor-tab-title-2391\" class=\"elementor-tab-title\" data-tab=\"1\" role=\"button\" aria-controls=\"elementor-tab-content-2391\" aria-expanded=\"false\">\n\t\t\t\t\t\t\t\t\t\t\t\t<span class=\"elementor-toggle-icon elementor-toggle-icon-left\" aria-hidden=\"true\">\n\t\t\t\t\t\t\t\t\t\t\t\t\t\t\t<span class=\"elementor-toggle-icon-closed\"><i class=\"fas fa-long-arrow-alt-right\"><\/i><\/span>\n\t\t\t\t\t\t\t\t<span class=\"elementor-toggle-icon-opened\"><i class=\"elementor-toggle-icon-opened fas fa-chevron-up\"><\/i><\/span>\n\t\t\t\t\t\t\t\t\t\t\t\t\t<\/span>\n\t\t\t\t\t\t\t\t\t\t\t\t<a class=\"elementor-toggle-title\" tabindex=\"0\">Further information to follow soon<\/a>\n\t\t\t\t\t<\/div>\n\n\t\t\t\t\t<div id=\"elementor-tab-content-2391\" class=\"elementor-tab-content elementor-clearfix\" data-tab=\"1\" role=\"region\" aria-labelledby=\"elementor-tab-title-2391\"><figure id=\"attachment_3321\" aria-describedby=\"caption-attachment-3321\" style=\"width: 300px\" class=\"wp-caption alignnone\"><img decoding=\"async\" class=\"wp-image-3321 size-medium\" src=\"https:\/\/horse4healing.ch\/wp-content\/uploads\/2024\/06\/37-IMG_6140-300x200.jpg\" alt=\"Problempferde\" width=\"300\" height=\"200\" srcset=\"https:\/\/horse4healing.ch\/wp-content\/uploads\/2024\/06\/37-IMG_6140-300x200.jpg 300w, https:\/\/horse4healing.ch\/wp-content\/uploads\/2024\/06\/37-IMG_6140-1024x683.jpg 1024w, https:\/\/horse4healing.ch\/wp-content\/uploads\/2024\/06\/37-IMG_6140-768x512.jpg 768w, https:\/\/horse4healing.ch\/wp-content\/uploads\/2024\/06\/37-IMG_6140-1536x1024.jpg 1536w, https:\/\/horse4healing.ch\/wp-content\/uploads\/2024\/06\/37-IMG_6140-2048x1365.jpg 2048w, https:\/\/horse4healing.ch\/wp-content\/uploads\/2024\/06\/37-IMG_6140-18x12.jpg 18w\" sizes=\"(max-width: 300px) 100vw, 300px\" \/><figcaption id=\"caption-attachment-3321\" class=\"wp-caption-text\">PROBLEM HORSES<\/figcaption><\/figure><\/div>\n\t\t\t\t<\/div>\n\t\t\t\t\t\t\t<div class=\"elementor-toggle-item\">\n\t\t\t\t\t<div id=\"elementor-tab-title-2392\" class=\"elementor-tab-title\" data-tab=\"2\" role=\"button\" aria-controls=\"elementor-tab-content-2392\" aria-expanded=\"false\">\n\t\t\t\t\t\t\t\t\t\t\t\t<span class=\"elementor-toggle-icon elementor-toggle-icon-left\" aria-hidden=\"true\">\n\t\t\t\t\t\t\t\t\t\t\t\t\t\t\t<span class=\"elementor-toggle-icon-closed\"><i class=\"fas fa-long-arrow-alt-right\"><\/i><\/span>\n\t\t\t\t\t\t\t\t<span class=\"elementor-toggle-icon-opened\"><i class=\"elementor-toggle-icon-opened fas fa-chevron-up\"><\/i><\/span>\n\t\t\t\t\t\t\t\t\t\t\t\t\t<\/span>\n\t\t\t\t\t\t\t\t\t\t\t\t<a class=\"elementor-toggle-title\" tabindex=\"0\">Further information to follow soon<\/a>\n\t\t\t\t\t<\/div>\n\n\t\t\t\t\t<div id=\"elementor-tab-content-2392\" class=\"elementor-tab-content elementor-clearfix\" data-tab=\"2\" role=\"region\" aria-labelledby=\"elementor-tab-title-2392\"><figure id=\"attachment_3308\" aria-describedby=\"caption-attachment-3308\" style=\"width: 300px\" class=\"wp-caption alignnone\"><img loading=\"lazy\" decoding=\"async\" class=\"wp-image-3308 size-medium\" src=\"https:\/\/horse4healing.ch\/wp-content\/uploads\/2024\/06\/6-IMG_5974-300x200.jpg\" alt=\"Diverses\" width=\"300\" height=\"200\" srcset=\"https:\/\/horse4healing.ch\/wp-content\/uploads\/2024\/06\/6-IMG_5974-300x200.jpg 300w, https:\/\/horse4healing.ch\/wp-content\/uploads\/2024\/06\/6-IMG_5974-1024x683.jpg 1024w, https:\/\/horse4healing.ch\/wp-content\/uploads\/2024\/06\/6-IMG_5974-768x512.jpg 768w, https:\/\/horse4healing.ch\/wp-content\/uploads\/2024\/06\/6-IMG_5974-1536x1024.jpg 1536w, https:\/\/horse4healing.ch\/wp-content\/uploads\/2024\/06\/6-IMG_5974-2048x1365.jpg 2048w, https:\/\/horse4healing.ch\/wp-content\/uploads\/2024\/06\/6-IMG_5974-18x12.jpg 18w\" sizes=\"(max-width: 300px) 100vw, 300px\" \/><figcaption id=\"caption-attachment-3308\" class=\"wp-caption-text\">VARIOUS<\/figcaption><\/figure><\/div>\n\t\t\t\t<\/div>\n\t\t\t\t\t\t\t<div class=\"elementor-toggle-item\">\n\t\t\t\t\t<div id=\"elementor-tab-title-2393\" class=\"elementor-tab-title\" data-tab=\"3\" role=\"button\" aria-controls=\"elementor-tab-content-2393\" aria-expanded=\"false\">\n\t\t\t\t\t\t\t\t\t\t\t\t<span class=\"elementor-toggle-icon elementor-toggle-icon-left\" aria-hidden=\"true\">\n\t\t\t\t\t\t\t\t\t\t\t\t\t\t\t<span class=\"elementor-toggle-icon-closed\"><i class=\"fas fa-long-arrow-alt-right\"><\/i><\/span>\n\t\t\t\t\t\t\t\t<span class=\"elementor-toggle-icon-opened\"><i class=\"elementor-toggle-icon-opened fas fa-chevron-up\"><\/i><\/span>\n\t\t\t\t\t\t\t\t\t\t\t\t\t<\/span>\n\t\t\t\t\t\t\t\t\t\t\t\t<a class=\"elementor-toggle-title\" tabindex=\"0\">Further information to follow soon<\/a>\n\t\t\t\t\t<\/div>\n\n\t\t\t\t\t<div id=\"elementor-tab-content-2393\" class=\"elementor-tab-content elementor-clearfix\" data-tab=\"3\" role=\"region\" aria-labelledby=\"elementor-tab-title-2393\"><p><img loading=\"lazy\" decoding=\"async\" class=\"alignnone wp-image-3342 size-medium\" src=\"https:\/\/horse4healing.ch\/wp-content\/uploads\/2024\/06\/6-IMG_5939-200x300.jpg\" alt=\"\" width=\"200\" height=\"300\" srcset=\"https:\/\/horse4healing.ch\/wp-content\/uploads\/2024\/06\/6-IMG_5939-200x300.jpg 200w, https:\/\/horse4healing.ch\/wp-content\/uploads\/2024\/06\/6-IMG_5939-683x1024.jpg 683w, https:\/\/horse4healing.ch\/wp-content\/uploads\/2024\/06\/6-IMG_5939-768x1152.jpg 768w, https:\/\/horse4healing.ch\/wp-content\/uploads\/2024\/06\/6-IMG_5939-1024x1536.jpg 1024w, https:\/\/horse4healing.ch\/wp-content\/uploads\/2024\/06\/6-IMG_5939-1365x2048.jpg 1365w, https:\/\/horse4healing.ch\/wp-content\/uploads\/2024\/06\/6-IMG_5939-8x12.jpg 8w, https:\/\/horse4healing.ch\/wp-content\/uploads\/2024\/06\/6-IMG_5939-scaled.jpg 1707w\" sizes=\"(max-width: 200px) 100vw, 200px\" \/><\/p><\/div>\n\t\t\t\t<\/div>\n\t\t\t\t\t\t\t\t<\/div>\n\t\t\t\t\t\t<\/div>\n\t\t\t\t<\/div>\n\t\t\t\t\t<\/div>\n\t\t<\/div>\n\t\t\t\t<div class=\"elementor-column elementor-col-33 elementor-top-column elementor-element elementor-element-f3d2077\" data-id=\"f3d2077\" data-element_type=\"column\">\n\t\t\t<div class=\"elementor-widget-wrap elementor-element-populated\">\n\t\t\t\t\t\t<div class=\"elementor-element elementor-element-0d32b1f elementor-widget elementor-widget-image\" data-id=\"0d32b1f\" data-element_type=\"widget\" data-widget_type=\"image.default\">\n\t\t\t\t<div class=\"elementor-widget-container\">\n\t\t\t\t\t\t\t\t\t\t\t\t\t\t\t<img loading=\"lazy\" decoding=\"async\" width=\"1024\" height=\"1536\" src=\"https:\/\/horse4healing.ch\/wp-content\/uploads\/2023\/08\/IMG_1459.jpg\" class=\"attachment-full size-full wp-image-2302\" alt=\"\" srcset=\"https:\/\/horse4healing.ch\/wp-content\/uploads\/2023\/08\/IMG_1459.jpg 1024w, https:\/\/horse4healing.ch\/wp-content\/uploads\/2023\/08\/IMG_1459-200x300.jpg 200w, https:\/\/horse4healing.ch\/wp-content\/uploads\/2023\/08\/IMG_1459-683x1024.jpg 683w, https:\/\/horse4healing.ch\/wp-content\/uploads\/2023\/08\/IMG_1459-768x1152.jpg 768w, https:\/\/horse4healing.ch\/wp-content\/uploads\/2023\/08\/IMG_1459-8x12.jpg 8w, https:\/\/horse4healing.ch\/wp-content\/uploads\/2023\/08\/IMG_1459-320x480.jpg 320w, https:\/\/horse4healing.ch\/wp-content\/uploads\/2023\/08\/IMG_1459-480x720.jpg 480w, https:\/\/horse4healing.ch\/wp-content\/uploads\/2023\/08\/IMG_1459-800x1200.jpg 800w\" sizes=\"(max-width: 1024px) 100vw, 1024px\" \/>\t\t\t\t\t\t\t\t\t\t\t\t\t\t\t<\/div>\n\t\t\t\t<\/div>\n\t\t\t\t\t<\/div>\n\t\t<\/div>\n\t\t\t\t\t<\/div>\n\t\t<\/section>\n\t\t\t\t<\/div>","protected":false},"excerpt":{"rendered":"<p>Problempferde Weitere Infos folgen demn\u00e4chst mehr erfahren Linkedin Instagram Facebook Was biete ich an? Mehr Infos folgen demn\u00e4chst PROBLEMPFERDE Mehr Infos folgen demn\u00e4chst DIVERSES Mehr Infos folgen demn\u00e4chst<\/p>","protected":false},"author":5,"featured_media":0,"parent":0,"menu_order":0,"comment_status":"closed","ping_status":"closed","template":"","meta":{"footnotes":""},"class_list":["post-2293","page","type-page","status-publish","hentry"],"yoast_head":"<!-- This site is optimized with the Yoast SEO plugin v26.4 - https:\/\/yoast.com\/wordpress\/plugins\/seo\/ -->\n<title>Problempferde<\/title>\n<meta name=\"robots\" content=\"index, follow, max-snippet:-1, max-image-preview:large, max-video-preview:-1\" \/>\n<link rel=\"canonical\" href=\"https:\/\/horse4healing.ch\/en\/problempferde\/\" \/>\n<meta property=\"og:locale\" content=\"en_GB\" \/>\n<meta property=\"og:type\" content=\"article\" \/>\n<meta property=\"og:title\" content=\"Problempferde\" \/>\n<meta property=\"og:description\" content=\"Problempferde Weitere Infos folgen demn\u00e4chst mehr erfahren Linkedin Instagram Facebook Was biete ich an? Mehr Infos folgen demn\u00e4chst PROBLEMPFERDE Mehr Infos folgen demn\u00e4chst DIVERSES Mehr Infos folgen demn\u00e4chst\" \/>\n<meta property=\"og:url\" content=\"https:\/\/horse4healing.ch\/en\/problempferde\/\" \/>\n<meta property=\"og:site_name\" content=\"HORSE4HEALING\" \/>\n<meta property=\"article:publisher\" content=\"https:\/\/www.facebook.com\/HORSE4HEALING.ch\/\" \/>\n<meta property=\"article:modified_time\" content=\"2024-12-30T11:42:41+00:00\" \/>\n<meta property=\"og:image\" content=\"https:\/\/horse4healing.ch\/wp-content\/uploads\/2023\/08\/Berlin-Action.jpg\" \/>\n<meta name=\"twitter:card\" content=\"summary_large_image\" \/>\n<meta name=\"twitter:label1\" content=\"Estimated reading time\" \/>\n\t<meta name=\"twitter:data1\" content=\"2 minutes\" \/>\n<script type=\"application\/ld+json\" class=\"yoast-schema-graph\">{\"@context\":\"https:\/\/schema.org\",\"@graph\":[{\"@type\":\"WebPage\",\"@id\":\"https:\/\/horse4healing.ch\/problempferde\/\",\"url\":\"https:\/\/horse4healing.ch\/problempferde\/\",\"name\":\"Problempferde\",\"isPartOf\":{\"@id\":\"https:\/\/horse4healing.ch\/#website\"},\"primaryImageOfPage\":{\"@id\":\"https:\/\/horse4healing.ch\/problempferde\/#primaryimage\"},\"image\":{\"@id\":\"https:\/\/horse4healing.ch\/problempferde\/#primaryimage\"},\"thumbnailUrl\":\"https:\/\/horse4healing.ch\/wp-content\/uploads\/2023\/08\/Berlin-Action.jpg\",\"datePublished\":\"2023-08-15T17:06:01+00:00\",\"dateModified\":\"2024-12-30T11:42:41+00:00\",\"breadcrumb\":{\"@id\":\"https:\/\/horse4healing.ch\/problempferde\/#breadcrumb\"},\"inLanguage\":\"en-GB\",\"potentialAction\":[{\"@type\":\"ReadAction\",\"target\":[\"https:\/\/horse4healing.ch\/problempferde\/\"]}]},{\"@type\":\"ImageObject\",\"inLanguage\":\"en-GB\",\"@id\":\"https:\/\/horse4healing.ch\/problempferde\/#primaryimage\",\"url\":\"https:\/\/horse4healing.ch\/wp-content\/uploads\/2023\/08\/Berlin-Action.jpg\",\"contentUrl\":\"https:\/\/horse4healing.ch\/wp-content\/uploads\/2023\/08\/Berlin-Action.jpg\"},{\"@type\":\"BreadcrumbList\",\"@id\":\"https:\/\/horse4healing.ch\/problempferde\/#breadcrumb\",\"itemListElement\":[{\"@type\":\"ListItem\",\"position\":1,\"name\":\"Startseite\",\"item\":\"https:\/\/horse4healing.ch\/\"},{\"@type\":\"ListItem\",\"position\":2,\"name\":\"Problempferde\"}]},{\"@type\":\"WebSite\",\"@id\":\"https:\/\/horse4healing.ch\/#website\",\"url\":\"https:\/\/horse4healing.ch\/\",\"name\":\"HORSE4HEALING\",\"description\":\"Pferdegest\u00fctztes Coaching &amp; Problempferde\",\"publisher\":{\"@id\":\"https:\/\/horse4healing.ch\/#organization\"},\"potentialAction\":[{\"@type\":\"SearchAction\",\"target\":{\"@type\":\"EntryPoint\",\"urlTemplate\":\"https:\/\/horse4healing.ch\/?s={search_term_string}\"},\"query-input\":{\"@type\":\"PropertyValueSpecification\",\"valueRequired\":true,\"valueName\":\"search_term_string\"}}],\"inLanguage\":\"en-GB\"},{\"@type\":\"Organization\",\"@id\":\"https:\/\/horse4healing.ch\/#organization\",\"name\":\"HORSE4HEALING\",\"url\":\"https:\/\/horse4healing.ch\/\",\"logo\":{\"@type\":\"ImageObject\",\"inLanguage\":\"en-GB\",\"@id\":\"https:\/\/horse4healing.ch\/#\/schema\/logo\/image\/\",\"url\":\"https:\/\/horse4healing.ch\/wp-content\/uploads\/2023\/04\/H4H-1-scaled.jpg\",\"contentUrl\":\"https:\/\/horse4healing.ch\/wp-content\/uploads\/2023\/04\/H4H-1-scaled.jpg\",\"width\":2560,\"height\":1932,\"caption\":\"HORSE4HEALING\"},\"image\":{\"@id\":\"https:\/\/horse4healing.ch\/#\/schema\/logo\/image\/\"},\"sameAs\":[\"https:\/\/www.facebook.com\/HORSE4HEALING.ch\/\",\"https:\/\/www.instagram.com\/horse4healing.ch\/\",\"https:\/\/www.linkedin.com\/in\/nataliedeborarussell\/\"]}]}<\/script>\n<!-- \/ Yoast SEO plugin. -->","yoast_head_json":{"title":"Problem Horses","robots":{"index":"index","follow":"follow","max-snippet":"max-snippet:-1","max-image-preview":"max-image-preview:large","max-video-preview":"max-video-preview:-1"},"canonical":"https:\/\/horse4healing.ch\/en\/problempferde\/","og_locale":"en_GB","og_type":"article","og_title":"Problempferde","og_description":"Problempferde Weitere Infos folgen demn\u00e4chst mehr erfahren Linkedin Instagram Facebook Was biete ich an? Mehr Infos folgen demn\u00e4chst PROBLEMPFERDE Mehr Infos folgen demn\u00e4chst DIVERSES Mehr Infos folgen demn\u00e4chst","og_url":"https:\/\/horse4healing.ch\/en\/problempferde\/","og_site_name":"HORSE4HEALING","article_publisher":"https:\/\/www.facebook.com\/HORSE4HEALING.ch\/","article_modified_time":"2024-12-30T11:42:41+00:00","og_image":[{"url":"https:\/\/horse4healing.ch\/wp-content\/uploads\/2023\/08\/Berlin-Action.jpg","type":"","width":"","height":""}],"twitter_card":"summary_large_image","twitter_misc":{"Estimated reading time":"2 minutes"},"schema":{"@context":"https:\/\/schema.org","@graph":[{"@type":"WebPage","@id":"https:\/\/horse4healing.ch\/problempferde\/","url":"https:\/\/horse4healing.ch\/problempferde\/","name":"Problem Horses","isPartOf":{"@id":"https:\/\/horse4healing.ch\/#website"},"primaryImageOfPage":{"@id":"https:\/\/horse4healing.ch\/problempferde\/#primaryimage"},"image":{"@id":"https:\/\/horse4healing.ch\/problempferde\/#primaryimage"},"thumbnailUrl":"https:\/\/horse4healing.ch\/wp-content\/uploads\/2023\/08\/Berlin-Action.jpg","datePublished":"2023-08-15T17:06:01+00:00","dateModified":"2024-12-30T11:42:41+00:00","breadcrumb":{"@id":"https:\/\/horse4healing.ch\/problempferde\/#breadcrumb"},"inLanguage":"en-GB","potentialAction":[{"@type":"ReadAction","target":["https:\/\/horse4healing.ch\/problempferde\/"]}]},{"@type":"ImageObject","inLanguage":"en-GB","@id":"https:\/\/horse4healing.ch\/problempferde\/#primaryimage","url":"https:\/\/horse4healing.ch\/wp-content\/uploads\/2023\/08\/Berlin-Action.jpg","contentUrl":"https:\/\/horse4healing.ch\/wp-content\/uploads\/2023\/08\/Berlin-Action.jpg"},{"@type":"BreadcrumbList","@id":"https:\/\/horse4healing.ch\/problempferde\/#breadcrumb","itemListElement":[{"@type":"ListItem","position":1,"name":"Startseite","item":"https:\/\/horse4healing.ch\/"},{"@type":"ListItem","position":2,"name":"Problempferde"}]},{"@type":"WebSite","@id":"https:\/\/horse4healing.ch\/#website","url":"https:\/\/horse4healing.ch\/","name":"HORSE4HEALING","description":"Pferdegest\u00fctztes Coaching &amp; Problempferde","publisher":{"@id":"https:\/\/horse4healing.ch\/#organization"},"potentialAction":[{"@type":"SearchAction","target":{"@type":"EntryPoint","urlTemplate":"https:\/\/horse4healing.ch\/?s={search_term_string}"},"query-input":{"@type":"PropertyValueSpecification","valueRequired":true,"valueName":"search_term_string"}}],"inLanguage":"en-GB"},{"@type":"Organization","@id":"https:\/\/horse4healing.ch\/#organization","name":"HORSE4HEALING","url":"https:\/\/horse4healing.ch\/","logo":{"@type":"ImageObject","inLanguage":"en-GB","@id":"https:\/\/horse4healing.ch\/#\/schema\/logo\/image\/","url":"https:\/\/horse4healing.ch\/wp-content\/uploads\/2023\/04\/H4H-1-scaled.jpg","contentUrl":"https:\/\/horse4healing.ch\/wp-content\/uploads\/2023\/04\/H4H-1-scaled.jpg","width":2560,"height":1932,"caption":"HORSE4HEALING"},"image":{"@id":"https:\/\/horse4healing.ch\/#\/schema\/logo\/image\/"},"sameAs":["https:\/\/www.facebook.com\/HORSE4HEALING.ch\/","https:\/\/www.instagram.com\/horse4healing.ch\/","https:\/\/www.linkedin.com\/in\/nataliedeborarussell\/"]}]}},"_links":{"self":[{"href":"https:\/\/horse4healing.ch\/en\/wp-json\/wp\/v2\/pages\/2293","targetHints":{"allow":["GET"]}}],"collection":[{"href":"https:\/\/horse4healing.ch\/en\/wp-json\/wp\/v2\/pages"}],"about":[{"href":"https:\/\/horse4healing.ch\/en\/wp-json\/wp\/v2\/types\/page"}],"author":[{"embeddable":true,"href":"https:\/\/horse4healing.ch\/en\/wp-json\/wp\/v2\/users\/5"}],"replies":[{"embeddable":true,"href":"https:\/\/horse4healing.ch\/en\/wp-json\/wp\/v2\/comments?post=2293"}],"version-history":[{"count":69,"href":"https:\/\/horse4healing.ch\/en\/wp-json\/wp\/v2\/pages\/2293\/revisions"}],"predecessor-version":[{"id":3527,"href":"https:\/\/horse4healing.ch\/en\/wp-json\/wp\/v2\/pages\/2293\/revisions\/3527"}],"wp:attachment":[{"href":"https:\/\/horse4healing.ch\/en\/wp-json\/wp\/v2\/media?parent=2293"}],"curies":[{"name":"wp","href":"https:\/\/api.w.org\/{rel}","templated":true}]}}